{"id":709,"date":"2021-03-09T17:10:53","date_gmt":"2021-03-09T17:10:53","guid":{"rendered":"https:\/\/www.webmasta.ch\/newRestaurantB%C3%BCtschelegg\/?page_id=709"},"modified":"2026-04-18T12:40:56","modified_gmt":"2026-04-18T10:40:56","slug":"saisonale-gerichte","status":"publish","type":"page","link":"https:\/\/xn--btschelegg-9db.ch\/fr\/saisonale-gerichte\/","title":{"rendered":"Plats de saison"},"content":{"rendered":"<div data-elementor-type=\"wp-page\" data-elementor-id=\"709\" id=\"elementor-common-page\" class=\"elementor elementor-709\">\r\n\t\t\t\t\t\t<section class=\"elementor-section elementor-top-section elementor-element elementor-element-757f684 elementor-section-boxed elementor-section-height-default elementor-section-height-default\" data-id=\"757f684\" data-element_type=\"section\" data-settings=\"{&quot;background_background&quot;:&quot;classic&quot;}\">\n\t\t\t\t\t\t\t<div class=\"elementor-background-overlay\"><\/div>\n\t\t\t\t\t\t\t<div class=\"elementor-container elementor-column-gap-default\">\n\t\t\t\t\t<div class=\"elementor-column elementor-col-100 elementor-top-column elementor-element elementor-element-b9151ad\" data-id=\"b9151ad\" data-element_type=\"column\">\n\t\t\t<div class=\"elementor-widget-wrap elementor-element-populated\">\n\t\t\t\t\t\t<section class=\"elementor-section elementor-inner-section elementor-element elementor-element-b4480cf elementor-section-boxed elementor-section-height-default elementor-section-height-default\" data-id=\"b4480cf\" data-element_type=\"section\">\n\t\t\t\t\t\t<div class=\"elementor-container elementor-column-gap-default\">\n\t\t\t\t\t<div class=\"elementor-column elementor-col-50 elementor-inner-column elementor-element elementor-element-c642939\" data-id=\"c642939\" data-element_type=\"column\">\n\t\t\t<div class=\"elementor-widget-wrap\">\n\t\t\t\t\t\t\t<\/div>\n\t\t<\/div>\n\t\t\t\t<div class=\"elementor-column elementor-col-50 elementor-inner-column elementor-element elementor-element-939cfbc\" data-id=\"939cfbc\" data-element_type=\"column\">\n\t\t\t<div class=\"elementor-widget-wrap elementor-element-populated\">\n\t\t\t\t\t\t<div class=\"elementor-element elementor-element-2b28e4f heading_section elementor-widget elementor-widget-heading\" data-id=\"2b28e4f\" data-element_type=\"widget\" data-widget_type=\"heading.default\">\n\t\t\t\t<div class=\"elementor-widget-container\">\n\t\t\t\t\t<h1 class=\"elementor-heading-title elementor-size-default\">PLATS DE SAISON<\/h1>\t\t\t\t<\/div>\n\t\t\t\t<\/div>\n\t\t\t\t<div class=\"elementor-element elementor-element-7c66ff8 heading_section elementor-widget elementor-widget-text-editor\" data-id=\"7c66ff8\" data-element_type=\"widget\" data-widget_type=\"text-editor.default\">\n\t\t\t\t<div class=\"elementor-widget-container\">\n\t\t\t\t\t\t\t\t\t<p>Restaurant B\u00fctschelegg<\/p>\t\t\t\t\t\t\t\t<\/div>\n\t\t\t\t<\/div>\n\t\t\t\t\t<\/div>\n\t\t<\/div>\n\t\t\t\t\t<\/div>\n\t\t<\/section>\n\t\t\t\t\t<\/div>\n\t\t<\/div>\n\t\t\t\t\t<\/div>\n\t\t<\/section>\n\t\t\t\t<section class=\"elementor-section elementor-top-section elementor-element elementor-element-587b394 elementor-section-boxed elementor-section-height-default elementor-section-height-default\" data-id=\"587b394\" data-element_type=\"section\">\n\t\t\t\t\t\t<div class=\"elementor-container elementor-column-gap-default\">\n\t\t\t\t\t<div class=\"elementor-column elementor-col-100 elementor-top-column elementor-element elementor-element-67202c3\" data-id=\"67202c3\" data-element_type=\"column\">\n\t\t\t<div class=\"elementor-widget-wrap elementor-element-populated\">\n\t\t\t\t\t\t<section class=\"elementor-section elementor-inner-section elementor-element elementor-element-3c93760 elementor-section-boxed elementor-section-height-default elementor-section-height-default\" data-id=\"3c93760\" data-element_type=\"section\">\n\t\t\t\t\t\t<div class=\"elementor-container elementor-column-gap-default\">\n\t\t\t\t\t<div class=\"elementor-column elementor-col-100 elementor-inner-column elementor-element elementor-element-da3b5b7\" data-id=\"da3b5b7\" data-element_type=\"column\">\n\t\t\t<div class=\"elementor-widget-wrap elementor-element-populated\">\n\t\t\t\t\t\t<div class=\"elementor-element elementor-element-68ccb25 elementor-widget elementor-widget-text-editor\" data-id=\"68ccb25\" data-element_type=\"widget\" data-widget_type=\"text-editor.default\">\n\t\t\t\t<div class=\"elementor-widget-container\">\n\t\t\t\t\t\t\t\t\tDe la soupe de potiron cr\u00e9meuse \u00e0 la mani\u00e8re de nos grands-m\u00e8res \u00e0 l'entrec\u00f4te de sanglier, les plats de saison ne manquent pas chez nous ! L'\u00e9quipe de B\u00fctschelegg consid\u00e8re l'adaptation aux saisons comme un must et est tr\u00e8s motiv\u00e9e pour r\u00e9pondre \u00e0 chaque ambiance.\t\t\t\t\t\t\t\t<\/div>\n\t\t\t\t<\/div>\n\t\t\t\t<div class=\"elementor-element elementor-element-fb98a1a elementor-widget elementor-widget-spacer\" data-id=\"fb98a1a\" data-element_type=\"widget\" data-widget_type=\"spacer.default\">\n\t\t\t\t<div class=\"elementor-widget-container\">\n\t\t\t\t\t\t\t<div class=\"elementor-spacer\">\n\t\t\t<div class=\"elementor-spacer-inner\"><\/div>\n\t\t<\/div>\n\t\t\t\t\t\t<\/div>\n\t\t\t\t<\/div>\n\t\t\t\t<div class=\"elementor-element elementor-element-758ff19 elementor-widget elementor-widget-heading\" data-id=\"758ff19\" data-element_type=\"widget\" data-widget_type=\"heading.default\">\n\t\t\t\t<div class=\"elementor-widget-container\">\n\t\t\t\t\t<h2 class=\"elementor-heading-title elementor-size-default\">Nous servons tous nos plats principaux :\n<\/h2>\t\t\t\t<\/div>\n\t\t\t\t<\/div>\n\t\t\t\t<div class=\"elementor-element elementor-element-0287d2c elementor-widget elementor-widget-text-editor\" data-id=\"0287d2c\" data-element_type=\"widget\" data-widget_type=\"text-editor.default\">\n\t\t\t\t<div class=\"elementor-widget-container\">\n\t\t\t\t\t\t\t\t\tChou rouge, choux de Bruxelles, marrons glac\u00e9s, pomme avec pruneaux au vin rouge et fruits, et sp\u00e4tzli au beurre<br>\nOrigine : Cerf. Tch\u00e9quie Suisse Chevreuil et sanglier : Allemagne, Autriche\n\t\t\t\t\t\t\t\t<\/div>\n\t\t\t\t<\/div>\n\t\t\t\t\t<\/div>\n\t\t<\/div>\n\t\t\t\t\t<\/div>\n\t\t<\/section>\n\t\t\t\t\t<\/div>\n\t\t<\/div>\n\t\t\t\t\t<\/div>\n\t\t<\/section>\n\t\t\t\t<section class=\"elementor-section elementor-top-section elementor-element elementor-element-9d1b94c elementor-section-boxed elementor-section-height-default elementor-section-height-default\" data-id=\"9d1b94c\" data-element_type=\"section\">\n\t\t\t\t\t\t<div class=\"elementor-container elementor-column-gap-default\">\n\t\t\t\t\t<div class=\"elementor-column elementor-col-100 elementor-top-column elementor-element elementor-element-5fcd536\" data-id=\"5fcd536\" data-element_type=\"column\">\n\t\t\t<div class=\"elementor-widget-wrap elementor-element-populated\">\n\t\t\t\t\t\t<section class=\"elementor-section elementor-inner-section elementor-element elementor-element-65a0d74 elementor-section-boxed elementor-section-height-default elementor-section-height-default\" data-id=\"65a0d74\" data-element_type=\"section\">\n\t\t\t\t\t\t<div class=\"elementor-container elementor-column-gap-default\">\n\t\t\t\t\t<div class=\"elementor-column elementor-col-100 elementor-inner-column elementor-element elementor-element-7111009\" data-id=\"7111009\" data-element_type=\"column\">\n\t\t\t<div class=\"elementor-widget-wrap elementor-element-populated\">\n\t\t\t\t\t\t<div class=\"elementor-element elementor-element-413832a elementor-widget elementor-widget-html\" data-id=\"413832a\" data-element_type=\"widget\" data-widget_type=\"html.default\">\n\t\t\t\t<div class=\"elementor-widget-container\">\n\t\t\t\t\t<style>\r\n  .language-buttons {\r\n    display: none;\r\n    margin-bottom: 20px;\r\n    text-align: center;\r\n  }\r\n\r\n  .language-buttons button {\r\n    padding: 8px 15px;\r\n    margin: 0 5px;\r\n    cursor: pointer;\r\n    border: 1px solid #ccc;\r\n    border-radius: 4px;\r\n    background-color: #eee;\r\n  }\r\n\r\n  .language-buttons button.active {\r\n    background-color: #ddd;\r\n    font-weight: bold;\r\n  }\r\n\r\n  .menu-category {\r\n    margin-bottom: 30px;\r\n    background-color: #fff;\r\n    padding: 20px;\r\n    border-radius: 8px;\r\n    box-shadow: 0 2px 4px rgba(0, 0, 0, 0.1);\r\n  }\r\n\r\n  .category-heading {\r\n    font-size: 2em;\r\n    font-weight: bold;\r\n    margin-bottom: 10px;\r\n    color: #333;\r\n    text-align: center;\r\n  }\r\n\r\n  .heading-separator {\r\n    text-align: center;\r\n    margin-bottom: 20px;\r\n  }\r\n\r\n  .heading-separator img {\r\n    max-width: 100%;\r\n    height: auto;\r\n  }\r\n\r\n  .products-grid {\r\n    display: grid;\r\n    grid-template-columns: repeat(auto-fit, minmax(300px, 1fr));\r\n    gap: 15px;\r\n  }\r\n\r\n  .menu-item-prod {\r\n    padding: 15px;\r\n    border-radius: 6px;\r\n    box-shadow: 0 1px 2px rgba(0, 0, 0, 0.05);\r\n    display: flex;\r\n    flex-direction: column;\r\n    align-items: center;\r\n  }\r\n\r\n  .item-details {\r\n    width: 100%;\r\n    text-align: center;\r\n    margin-bottom: 10px;\r\n  }\r\n\r\n  .item-name {\r\n    font-weight: bold;\r\n    margin-bottom: 5px;\r\n    font-size: 24px;\r\n    color: #333;\r\n  }\r\n\r\n  .item-info {\r\n    font-size: 1.3em;\r\n    color: #777;\r\n    margin-bottom: 3px;\r\n  }\r\n\r\n  .item-prices {\r\n    text-align: center;\r\n    width: 100%;\r\n  }\r\n\r\n  .price-line {\r\n    font-size: 1.5em;\r\n    color: #555;\r\n    font-weight: bold;\r\n  }\r\n\r\n  .price {\r\n    font-size: 1.2em;\r\n    font-weight: bold;\r\n  }\r\n\r\n  @media (max-width: 600px) {\r\n    .products-grid {\r\n      grid-template-columns: 1fr;\r\n    }\r\n\r\n    .menu-item-prod {\r\n      align-items: center;\r\n      text-align: center;\r\n    }\r\n\r\n    .item-details {\r\n      text-align: center;\r\n      margin-bottom: 10px;\r\n    }\r\n  }\r\n<\/style>\r\n<div class=\"language-buttons\">\r\n  <button onclick=\"changeLanguage('de')\">Deutsch<\/button>\r\n  <button onclick=\"changeLanguage('en')\">English<\/button>\r\n  <button onclick=\"changeLanguage('fr')\">Fran\u00e7ais<\/button>\r\n<\/div>\r\n\r\n<div id=\"menu-container\">\r\n<\/div>\r\n\r\n<script>\r\n  const jsonUrl = '\/wp-content\/products\/SaisonaleGerichteMenuCard.json';\r\n  const menuContainer = document.getElementById('menu-container');\r\n  let currentLanguage = 'de';\r\n\r\n  function getLanguageFromUrl() {\r\n    const path = window.location.pathname;\r\n    if (path.includes('\/de\/')) return 'de';\r\n    if (path.includes('\/en\/')) return 'en';\r\n    if (path.includes('\/fr\/')) return 'fr';\r\n    return 'de';\r\n  }\r\n\r\n  const urlLanguage = getLanguageFromUrl();\r\n  currentLanguage = urlLanguage || localStorage.getItem('language') || 'de';\r\n\r\n  function getTranslation(key) {\r\n    return key; \/\/ Keep this as placeholder if you're not using a translation table\r\n  }\r\n\r\n  function changeLanguage(lang) {\r\n    currentLanguage = lang;\r\n    localStorage.setItem('language', lang);\r\n    loadAndDisplayMenu();\r\n  }\r\n\r\n  function createMenuItemHtml(item) {\r\n    const name = item[`name_${currentLanguage}`] || item.name_de || '';\r\n    const description = item[`description_${currentLanguage}`] || item.description_de || '';\r\n    let pricesHtml = '';\r\n\r\n    if (Array.isArray(item.prices)) {\r\n      pricesHtml = `<div class=\"item-prices\">${item.prices.map(p => `<div class=\"price-line\"><span class=\"price\">${p.currency} ${parseFloat(p.price).toFixed(2)}<\/span><\/div>`).join('')}<\/div>`;\r\n    } else if (typeof item.price === 'number') {\r\n      pricesHtml = `<div class=\"item-prices\"><div class=\"price-line\"><span class=\"price\">${item.currency} ${parseFloat(item.price).toFixed(2)}<\/span><\/div><\/div>`;\r\n    }\r\n\r\n    const alcoholContent = item.alcohol_content ? `<div class=\"item-info\">Alcohol Content: ${item.alcohol_content}<\/div>` : '';\r\n    const unit = item.unit ? `<div class=\"item-info\">Unit: ${item.unit}<\/div>` : '';\r\n\r\n    return `<div class=\"menu-item-prod\"><div class=\"item-details\"><div class=\"item-name\">${name}<\/div><div class=\"item-info\">${description}<\/div>\r\n${alcoholContent}\r\n${unit}\r\n<\/div>\r\n${pricesHtml}\r\n<\/div>\r\n`;\r\n  }\r\n\r\n  function loadAndDisplayMenu() {\r\n    menuContainer.innerHTML = '';\r\n    fetch(jsonUrl)\r\n      .then(response => response.json())\r\n      .then(data => {\r\n        const section = data['Spargelkarte']; \/\/ Only display 'Sommerkarte'\r\n\r\n        if (!section) {\r\n          menuContainer.innerHTML = '<p style=\"color: red;\">Sommerkarte menu not found.<\/p>';\r\n          return;\r\n        }\r\n\r\n        for (const categoryKey in section) {\r\n          if (section.hasOwnProperty(categoryKey)) {\r\n            const categoryData = section[categoryKey];\r\n            const categoryDiv = document.createElement('div');\r\n            categoryDiv.classList.add('menu-category');\r\n\r\n            const headingText =\r\n              categoryData[`heading_${currentLanguage}`] ||\r\n              categoryData.heading_de ||\r\n              categoryKey.replace(\/_\/g, ' ').replace(\/\\b\\w\/g, l => l.toUpperCase());\r\n\r\n            categoryDiv.innerHTML = `\r\n<h2 class=\"category-heading\">${headingText}<\/h2>\r\n<div class=\"heading-separator\"><img decoding=\"async\" src=\"\/wp-content\/uploads\/2021\/03\/pngstyle.png\" alt=\"\"><\/div>\r\n<div class=\"products-grid\">\r\n${Array.isArray(categoryData.products)\r\n                ? categoryData.products.map(createMenuItemHtml).join('')\r\n                : ''}\r\n <\/div>\r\n`;\r\n\r\n            menuContainer.appendChild(categoryDiv);\r\n          }\r\n        }\r\n      })\r\n      .catch(error => {\r\n        console.error('Error fetching menu:', error);\r\n        menuContainer.innerHTML = '<p style=\"color: red;\">Error loading menu.<\/p>';\r\n      });\r\n  }\r\n\r\n  \/\/ Hide language switcher if needed\r\n  document.querySelector('.language-buttons').style.display = 'none';\r\n\r\n  \/\/ Initialize menu load\r\n  loadAndDisplayMenu();\r\n<\/script>\r\n\t\t\t\t<\/div>\n\t\t\t\t<\/div>\n\t\t\t\t\t<\/div>\n\t\t<\/div>\n\t\t\t\t\t<\/div>\n\t\t<\/section>\n\t\t\t\t\t<\/div>\n\t\t<\/div>\n\t\t\t\t\t<\/div>\n\t\t<\/section>\n\t\t\t\t<\/div>","protected":false},"excerpt":{"rendered":"<p>SAISONALE GERICHTE Restaurant B\u00fctschelegg Von s\u00e4mige K\u00fcrbisrahmsuppe nach Grossmutter Art bis Wildschweins Entrec\u00f4te \u2013 auf die Saison abgestimmte Gerichte, fehlen bei uns nat\u00fcrlich nicht! Das B\u00fctschelegg Team sieht die Anpassung an die entsprechenden Jahreszeiten als ein Muss und ist hochmotiviert jedem Ambiente gerecht zu werden. Zu&hellip;<\/p>","protected":false},"author":1,"featured_media":0,"parent":0,"menu_order":0,"comment_status":"closed","ping_status":"closed","template":"elementor_header_footer","meta":{"footnotes":""},"class_list":["post-709","page","type-page","status-publish","hentry","last"],"yoast_head":"<!-- This site is optimized with the Yoast SEO plugin v25.3.1 - https:\/\/yoast.com\/wordpress\/plugins\/seo\/ -->\n<title>Saisonale Gerichte - Restaurant B\u00fctschelegg<\/title>\n<meta name=\"robots\" content=\"index, follow, max-snippet:-1, max-image-preview:large, max-video-preview:-1\" \/>\n<link rel=\"canonical\" href=\"https:\/\/xn--btschelegg-9db.ch\/fr\/saisonale-gerichte\/\" \/>\n<meta property=\"og:locale\" content=\"fr_FR\" \/>\n<meta property=\"og:type\" content=\"article\" \/>\n<meta property=\"og:title\" content=\"Saisonale Gerichte - Restaurant B\u00fctschelegg\" \/>\n<meta property=\"og:description\" content=\"SAISONALE GERICHTE Restaurant B\u00fctschelegg Von s\u00e4mige K\u00fcrbisrahmsuppe nach Grossmutter Art bis Wildschweins Entrec\u00f4te \u2013 auf die Saison abgestimmte Gerichte, fehlen bei uns nat\u00fcrlich nicht! Das B\u00fctschelegg Team sieht die Anpassung an die entsprechenden Jahreszeiten als ein Muss und ist hochmotiviert jedem Ambiente gerecht zu werden. Zu&hellip;\" \/>\n<meta property=\"og:url\" content=\"https:\/\/xn--btschelegg-9db.ch\/fr\/saisonale-gerichte\/\" \/>\n<meta property=\"og:site_name\" content=\"Restaurant B\u00fctschelegg\" \/>\n<meta property=\"article:modified_time\" content=\"2026-04-18T10:40:56+00:00\" \/>\n<meta name=\"twitter:card\" content=\"summary_large_image\" \/>\n<meta name=\"twitter:label1\" content=\"Dur\u00e9e de lecture estim\u00e9e\" \/>\n\t<meta name=\"twitter:data1\" content=\"1 minute\" \/>\n<script type=\"application\/ld+json\" class=\"yoast-schema-graph\">{\"@context\":\"https:\/\/schema.org\",\"@graph\":[{\"@type\":\"WebPage\",\"@id\":\"https:\/\/xn--btschelegg-9db.ch\/saisonale-gerichte\/\",\"url\":\"https:\/\/xn--btschelegg-9db.ch\/saisonale-gerichte\/\",\"name\":\"Saisonale Gerichte - Restaurant B\u00fctschelegg\",\"isPartOf\":{\"@id\":\"https:\/\/xn--btschelegg-9db.ch\/#website\"},\"datePublished\":\"2021-03-09T17:10:53+00:00\",\"dateModified\":\"2026-04-18T10:40:56+00:00\",\"breadcrumb\":{\"@id\":\"https:\/\/xn--btschelegg-9db.ch\/saisonale-gerichte\/#breadcrumb\"},\"inLanguage\":\"fr-FR\",\"potentialAction\":[{\"@type\":\"ReadAction\",\"target\":[\"https:\/\/xn--btschelegg-9db.ch\/saisonale-gerichte\/\"]}]},{\"@type\":\"BreadcrumbList\",\"@id\":\"https:\/\/xn--btschelegg-9db.ch\/saisonale-gerichte\/#breadcrumb\",\"itemListElement\":[{\"@type\":\"ListItem\",\"position\":1,\"name\":\"Home\",\"item\":\"https:\/\/xn--btschelegg-9db.ch\/\"},{\"@type\":\"ListItem\",\"position\":2,\"name\":\"Saisonale Gerichte\"}]},{\"@type\":\"WebSite\",\"@id\":\"https:\/\/xn--btschelegg-9db.ch\/#website\",\"url\":\"https:\/\/xn--btschelegg-9db.ch\/\",\"name\":\"Restaurant B\u00fctschelegg\",\"description\":\"\",\"potentialAction\":[{\"@type\":\"SearchAction\",\"target\":{\"@type\":\"EntryPoint\",\"urlTemplate\":\"https:\/\/xn--btschelegg-9db.ch\/?s={search_term_string}\"},\"query-input\":{\"@type\":\"PropertyValueSpecification\",\"valueRequired\":true,\"valueName\":\"search_term_string\"}}],\"inLanguage\":\"fr-FR\"}]}<\/script>\n<!-- \/ Yoast SEO plugin. -->","yoast_head_json":{"title":"Saisonale Gerichte - Restaurant B\u00fctschelegg","robots":{"index":"index","follow":"follow","max-snippet":"max-snippet:-1","max-image-preview":"max-image-preview:large","max-video-preview":"max-video-preview:-1"},"canonical":"https:\/\/xn--btschelegg-9db.ch\/fr\/saisonale-gerichte\/","og_locale":"fr_FR","og_type":"article","og_title":"Saisonale Gerichte - Restaurant B\u00fctschelegg","og_description":"SAISONALE GERICHTE Restaurant B\u00fctschelegg Von s\u00e4mige K\u00fcrbisrahmsuppe nach Grossmutter Art bis Wildschweins Entrec\u00f4te \u2013 auf die Saison abgestimmte Gerichte, fehlen bei uns nat\u00fcrlich nicht! Das B\u00fctschelegg Team sieht die Anpassung an die entsprechenden Jahreszeiten als ein Muss und ist hochmotiviert jedem Ambiente gerecht zu werden. Zu&hellip;","og_url":"https:\/\/xn--btschelegg-9db.ch\/fr\/saisonale-gerichte\/","og_site_name":"Restaurant B\u00fctschelegg","article_modified_time":"2026-04-18T10:40:56+00:00","twitter_card":"summary_large_image","twitter_misc":{"Dur\u00e9e de lecture estim\u00e9e":"1 minute"},"schema":{"@context":"https:\/\/schema.org","@graph":[{"@type":"WebPage","@id":"https:\/\/xn--btschelegg-9db.ch\/saisonale-gerichte\/","url":"https:\/\/xn--btschelegg-9db.ch\/saisonale-gerichte\/","name":"Saisonale Gerichte - Restaurant B\u00fctschelegg","isPartOf":{"@id":"https:\/\/xn--btschelegg-9db.ch\/#website"},"datePublished":"2021-03-09T17:10:53+00:00","dateModified":"2026-04-18T10:40:56+00:00","breadcrumb":{"@id":"https:\/\/xn--btschelegg-9db.ch\/saisonale-gerichte\/#breadcrumb"},"inLanguage":"fr-FR","potentialAction":[{"@type":"ReadAction","target":["https:\/\/xn--btschelegg-9db.ch\/saisonale-gerichte\/"]}]},{"@type":"BreadcrumbList","@id":"https:\/\/xn--btschelegg-9db.ch\/saisonale-gerichte\/#breadcrumb","itemListElement":[{"@type":"ListItem","position":1,"name":"Home","item":"https:\/\/xn--btschelegg-9db.ch\/"},{"@type":"ListItem","position":2,"name":"Saisonale Gerichte"}]},{"@type":"WebSite","@id":"https:\/\/xn--btschelegg-9db.ch\/#website","url":"https:\/\/xn--btschelegg-9db.ch\/","name":"Restaurant B\u00fctschelegg","description":"","potentialAction":[{"@type":"SearchAction","target":{"@type":"EntryPoint","urlTemplate":"https:\/\/xn--btschelegg-9db.ch\/?s={search_term_string}"},"query-input":{"@type":"PropertyValueSpecification","valueRequired":true,"valueName":"search_term_string"}}],"inLanguage":"fr-FR"}]}},"jetpack_sharing_enabled":true,"_links":{"self":[{"href":"https:\/\/xn--btschelegg-9db.ch\/fr\/wp-json\/wp\/v2\/pages\/709","targetHints":{"allow":["GET"]}}],"collection":[{"href":"https:\/\/xn--btschelegg-9db.ch\/fr\/wp-json\/wp\/v2\/pages"}],"about":[{"href":"https:\/\/xn--btschelegg-9db.ch\/fr\/wp-json\/wp\/v2\/types\/page"}],"author":[{"embeddable":true,"href":"https:\/\/xn--btschelegg-9db.ch\/fr\/wp-json\/wp\/v2\/users\/1"}],"replies":[{"embeddable":true,"href":"https:\/\/xn--btschelegg-9db.ch\/fr\/wp-json\/wp\/v2\/comments?post=709"}],"version-history":[{"count":33,"href":"https:\/\/xn--btschelegg-9db.ch\/fr\/wp-json\/wp\/v2\/pages\/709\/revisions"}],"predecessor-version":[{"id":7211,"href":"https:\/\/xn--btschelegg-9db.ch\/fr\/wp-json\/wp\/v2\/pages\/709\/revisions\/7211"}],"wp:attachment":[{"href":"https:\/\/xn--btschelegg-9db.ch\/fr\/wp-json\/wp\/v2\/media?parent=709"}],"curies":[{"name":"wp","href":"https:\/\/api.w.org\/{rel}","templated":true}]}}