{"id":4119,"date":"2025-04-09T03:48:01","date_gmt":"2025-04-09T01:48:01","guid":{"rendered":"https:\/\/webmasta.ch\/newBuch\/?page_id=4119"},"modified":"2025-06-10T07:57:39","modified_gmt":"2025-06-10T05:57:39","slug":"downloads","status":"publish","type":"page","link":"http:\/\/xn--btschelegg-9db.ch\/en\/downloads\/","title":{"rendered":"Downloads"},"content":{"rendered":"<div data-elementor-type=\"wp-page\" data-elementor-id=\"4119\" id=\"elementor-common-page\" class=\"elementor elementor-4119\">\r\n\t\t\t\t\t\t<section class=\"elementor-section elementor-top-section elementor-element elementor-element-a35c9ca elementor-section-boxed elementor-section-height-default elementor-section-height-default\" data-id=\"a35c9ca\" data-element_type=\"section\" data-settings=\"{&quot;background_background&quot;:&quot;classic&quot;}\">\n\t\t\t\t\t\t<div class=\"elementor-container elementor-column-gap-default\">\n\t\t\t\t\t<div class=\"elementor-column elementor-col-100 elementor-top-column elementor-element elementor-element-f536938\" data-id=\"f536938\" data-element_type=\"column\">\n\t\t\t<div class=\"elementor-widget-wrap elementor-element-populated\">\n\t\t\t\t\t\t<section class=\"elementor-section elementor-inner-section elementor-element elementor-element-1d7a764 elementor-section-boxed elementor-section-height-default elementor-section-height-default\" data-id=\"1d7a764\" data-element_type=\"section\">\n\t\t\t\t\t\t<div class=\"elementor-container elementor-column-gap-default\">\n\t\t\t\t\t<div class=\"elementor-column elementor-col-100 elementor-inner-column elementor-element elementor-element-affde3d\" data-id=\"affde3d\" data-element_type=\"column\">\n\t\t\t<div class=\"elementor-widget-wrap elementor-element-populated\">\n\t\t\t\t\t\t<div class=\"elementor-element elementor-element-77baae4 elementor-widget elementor-widget-heading\" data-id=\"77baae4\" data-element_type=\"widget\" data-widget_type=\"heading.default\">\n\t\t\t\t<div class=\"elementor-widget-container\">\n\t\t\t\t\t<h2 class=\"elementor-heading-title elementor-size-default\">Logos und Bilder\n<\/h2>\t\t\t\t<\/div>\n\t\t\t\t<\/div>\n\t\t\t\t<div class=\"elementor-element elementor-element-509c757 elementor-widget elementor-widget-text-editor\" data-id=\"509c757\" data-element_type=\"widget\" data-widget_type=\"text-editor.default\">\n\t\t\t\t<div class=\"elementor-widget-container\">\n\t\t\t\t\t\t\t\t\tBen\u00f6tigen Sie ein Logo oder Bild f\u00fcr Ihre Medienarbeit? Hier k\u00f6nnen Sie unsere Logos und verschiedene Bilder herunterladen.\t\t\t\t\t\t\t\t<\/div>\n\t\t\t\t<\/div>\n\t\t\t\t\t<\/div>\n\t\t<\/div>\n\t\t\t\t\t<\/div>\n\t\t<\/section>\n\t\t\t\t\t<\/div>\n\t\t<\/div>\n\t\t\t\t\t<\/div>\n\t\t<\/section>\n\t\t\t\t<section class=\"elementor-section elementor-top-section elementor-element elementor-element-a5f3842 elementor-section-boxed elementor-section-height-default elementor-section-height-default\" data-id=\"a5f3842\" data-element_type=\"section\">\n\t\t\t\t\t\t<div class=\"elementor-container elementor-column-gap-default\">\n\t\t\t\t\t<div class=\"elementor-column elementor-col-100 elementor-top-column elementor-element elementor-element-03fe546\" data-id=\"03fe546\" data-element_type=\"column\">\n\t\t\t<div class=\"elementor-widget-wrap elementor-element-populated\">\n\t\t\t\t\t\t<section class=\"elementor-section elementor-inner-section elementor-element elementor-element-f640a18 elementor-section-boxed elementor-section-height-default elementor-section-height-default\" data-id=\"f640a18\" data-element_type=\"section\">\n\t\t\t\t\t\t<div class=\"elementor-container elementor-column-gap-default\">\n\t\t\t\t\t<div class=\"elementor-column elementor-col-50 elementor-inner-column elementor-element elementor-element-15ae739\" data-id=\"15ae739\" data-element_type=\"column\">\n\t\t\t<div class=\"elementor-widget-wrap elementor-element-populated\">\n\t\t\t\t\t\t<div class=\"elementor-element elementor-element-1cdfccd elementor-widget elementor-widget-heading\" data-id=\"1cdfccd\" data-element_type=\"widget\" data-widget_type=\"heading.default\">\n\t\t\t\t<div class=\"elementor-widget-container\">\n\t\t\t\t\t<h2 class=\"elementor-heading-title elementor-size-default\">Logos\n<\/h2>\t\t\t\t<\/div>\n\t\t\t\t<\/div>\n\t\t\t\t<div class=\"elementor-element elementor-element-1ce9fa1 elementor-widget elementor-widget-text-editor\" data-id=\"1ce9fa1\" data-element_type=\"widget\" data-widget_type=\"text-editor.default\">\n\t\t\t\t<div class=\"elementor-widget-container\">\n\t\t\t\t\t\t\t\t\tDie Ver\u00f6ffentlichungs- und Vervielf\u00e4ltigungsrechte liegen beim Restaurant B\u00fctschelegg. Bei Verwendung des Bildes ist die Bildquelle \u201e\u00a9 Restaurant B\u00fctschelegg, alle Rechte vorbehalten\u201c anzugeben.\t\t\t\t\t\t\t\t<\/div>\n\t\t\t\t<\/div>\n\t\t\t\t\t<\/div>\n\t\t<\/div>\n\t\t\t\t<div class=\"elementor-column elementor-col-50 elementor-inner-column elementor-element elementor-element-5906b0c\" data-id=\"5906b0c\" data-element_type=\"column\">\n\t\t\t<div class=\"elementor-widget-wrap\">\n\t\t\t\t\t\t\t<\/div>\n\t\t<\/div>\n\t\t\t\t\t<\/div>\n\t\t<\/section>\n\t\t\t\t<section class=\"elementor-section elementor-inner-section elementor-element elementor-element-c79c958 elementor-section-boxed elementor-section-height-default elementor-section-height-default\" data-id=\"c79c958\" data-element_type=\"section\">\n\t\t\t\t\t\t<div class=\"elementor-container elementor-column-gap-default\">\n\t\t\t\t\t<div class=\"elementor-column elementor-col-25 elementor-inner-column elementor-element elementor-element-f4943c3\" data-id=\"f4943c3\" data-element_type=\"column\" data-settings=\"{&quot;background_background&quot;:&quot;classic&quot;}\">\n\t\t\t<div class=\"elementor-widget-wrap\">\n\t\t\t\t\t\t\t<\/div>\n\t\t<\/div>\n\t\t\t\t<div class=\"elementor-column elementor-col-25 elementor-inner-column elementor-element elementor-element-dd1f07d\" data-id=\"dd1f07d\" data-element_type=\"column\" data-settings=\"{&quot;background_background&quot;:&quot;classic&quot;}\">\n\t\t\t<div class=\"elementor-widget-wrap elementor-element-populated\">\n\t\t\t\t\t\t<div class=\"elementor-element elementor-element-c50b960 elementor-widget elementor-widget-image\" data-id=\"c50b960\" data-element_type=\"widget\" data-widget_type=\"image.default\">\n\t\t\t\t<div class=\"elementor-widget-container\">\n\t\t\t\t\t\t\t\t\t\t\t\t\t\t\t<img fetchpriority=\"high\" decoding=\"async\" width=\"1024\" height=\"1024\" src=\"https:\/\/xn--btschelegg-9db.ch\/wp-content\/uploads\/2021\/04\/logo.svg\" class=\"attachment-large size-large wp-image-2926\" alt=\"\" srcset=\"https:\/\/xn--btschelegg-9db.ch\/wp-content\/uploads\/\/2021\/04\/logo.svg 150w, https:\/\/xn--btschelegg-9db.ch\/wp-content\/uploads\/\/2021\/04\/logo.svg 300w, https:\/\/xn--btschelegg-9db.ch\/wp-content\/uploads\/\/2021\/04\/logo.svg 1024w, https:\/\/xn--btschelegg-9db.ch\/wp-content\/uploads\/\/2021\/04\/logo.svg 1536w, https:\/\/xn--btschelegg-9db.ch\/wp-content\/uploads\/\/2021\/04\/logo.svg 2048w, https:\/\/xn--btschelegg-9db.ch\/wp-content\/uploads\/\/2021\/04\/logo.svg 600w, https:\/\/xn--btschelegg-9db.ch\/wp-content\/uploads\/\/2021\/04\/logo.svg 400w, https:\/\/xn--btschelegg-9db.ch\/wp-content\/uploads\/\/2021\/04\/logo.svg 200w, https:\/\/xn--btschelegg-9db.ch\/wp-content\/uploads\/\/2021\/04\/logo.svg 100w\" sizes=\"(max-width: 1024px) 100vw, 1024px\" \/>\t\t\t\t\t\t\t\t\t\t\t\t\t\t\t<\/div>\n\t\t\t\t<\/div>\n\t\t\t\t<div class=\"elementor-element elementor-element-0ae286f elementor-widget elementor-widget-heading\" data-id=\"0ae286f\" data-element_type=\"widget\" data-widget_type=\"heading.default\">\n\t\t\t\t<div class=\"elementor-widget-container\">\n\t\t\t\t\t<h2 class=\"elementor-heading-title elementor-size-default\">Logo PNG<\/h2>\t\t\t\t<\/div>\n\t\t\t\t<\/div>\n\t\t\t\t<div class=\"elementor-element elementor-element-7b732a0 elementor-align-center elementor-widget elementor-widget-button\" data-id=\"7b732a0\" data-element_type=\"widget\" data-widget_type=\"button.default\">\n\t\t\t\t<div class=\"elementor-widget-container\">\n\t\t\t\t\t\t\t\t\t<div class=\"elementor-button-wrapper\">\n\t\t\t\t\t<a class=\"elementor-button elementor-button-link elementor-size-sm\" href=\"https:\/\/webmasta.ch\/newBuch\/wp-content\/uploads\/2021\/04\/logo-quadrat.png\" download=\"Restaurant B\u00fctschelegg Logo PNG\">\n\t\t\t\t\t\t<span class=\"elementor-button-content-wrapper\">\n\t\t\t\t\t\t<span class=\"elementor-button-icon\">\n\t\t\t\t<i aria-hidden=\"true\" class=\"fas fa-download\"><\/i>\t\t\t<\/span>\n\t\t\t\t\t\t\t\t\t<span class=\"elementor-button-text\">Download<\/span>\n\t\t\t\t\t<\/span>\n\t\t\t\t\t<\/a>\n\t\t\t\t<\/div>\n\t\t\t\t\t\t\t\t<\/div>\n\t\t\t\t<\/div>\n\t\t\t\t\t<\/div>\n\t\t<\/div>\n\t\t\t\t<div class=\"elementor-column elementor-col-25 elementor-inner-column elementor-element elementor-element-47fad87\" data-id=\"47fad87\" data-element_type=\"column\" data-settings=\"{&quot;background_background&quot;:&quot;classic&quot;}\">\n\t\t\t<div class=\"elementor-widget-wrap elementor-element-populated\">\n\t\t\t\t\t\t<div class=\"elementor-element elementor-element-4a2acf7 elementor-widget elementor-widget-image\" data-id=\"4a2acf7\" data-element_type=\"widget\" data-widget_type=\"image.default\">\n\t\t\t\t<div class=\"elementor-widget-container\">\n\t\t\t\t\t\t\t\t\t\t\t\t\t\t\t<img fetchpriority=\"high\" decoding=\"async\" width=\"1024\" height=\"1024\" src=\"https:\/\/xn--btschelegg-9db.ch\/wp-content\/uploads\/2021\/04\/logo.svg\" class=\"attachment-large size-large wp-image-2926\" alt=\"\" srcset=\"https:\/\/xn--btschelegg-9db.ch\/wp-content\/uploads\/\/2021\/04\/logo.svg 150w, https:\/\/xn--btschelegg-9db.ch\/wp-content\/uploads\/\/2021\/04\/logo.svg 300w, https:\/\/xn--btschelegg-9db.ch\/wp-content\/uploads\/\/2021\/04\/logo.svg 1024w, https:\/\/xn--btschelegg-9db.ch\/wp-content\/uploads\/\/2021\/04\/logo.svg 1536w, https:\/\/xn--btschelegg-9db.ch\/wp-content\/uploads\/\/2021\/04\/logo.svg 2048w, https:\/\/xn--btschelegg-9db.ch\/wp-content\/uploads\/\/2021\/04\/logo.svg 600w, https:\/\/xn--btschelegg-9db.ch\/wp-content\/uploads\/\/2021\/04\/logo.svg 400w, https:\/\/xn--btschelegg-9db.ch\/wp-content\/uploads\/\/2021\/04\/logo.svg 200w, https:\/\/xn--btschelegg-9db.ch\/wp-content\/uploads\/\/2021\/04\/logo.svg 100w\" sizes=\"(max-width: 1024px) 100vw, 1024px\" \/>\t\t\t\t\t\t\t\t\t\t\t\t\t\t\t<\/div>\n\t\t\t\t<\/div>\n\t\t\t\t<div class=\"elementor-element elementor-element-8fdaf5e elementor-widget elementor-widget-heading\" data-id=\"8fdaf5e\" data-element_type=\"widget\" data-widget_type=\"heading.default\">\n\t\t\t\t<div class=\"elementor-widget-container\">\n\t\t\t\t\t<h2 class=\"elementor-heading-title elementor-size-default\">Logo SVG<\/h2>\t\t\t\t<\/div>\n\t\t\t\t<\/div>\n\t\t\t\t<div class=\"elementor-element elementor-element-d110bdd elementor-align-center elementor-widget elementor-widget-button\" data-id=\"d110bdd\" data-element_type=\"widget\" data-widget_type=\"button.default\">\n\t\t\t\t<div class=\"elementor-widget-container\">\n\t\t\t\t\t\t\t\t\t<div class=\"elementor-button-wrapper\">\n\t\t\t\t\t<a class=\"elementor-button elementor-button-link elementor-size-sm\" href=\"https:\/\/webmasta.ch\/newBuch\/wp-content\/uploads\/2021\/04\/logo.svg\" download=\"Restaurant B\u00fctschelegg Logo SVG\">\n\t\t\t\t\t\t<span class=\"elementor-button-content-wrapper\">\n\t\t\t\t\t\t<span class=\"elementor-button-icon\">\n\t\t\t\t<i aria-hidden=\"true\" class=\"fas fa-download\"><\/i>\t\t\t<\/span>\n\t\t\t\t\t\t\t\t\t<span class=\"elementor-button-text\">Download<\/span>\n\t\t\t\t\t<\/span>\n\t\t\t\t\t<\/a>\n\t\t\t\t<\/div>\n\t\t\t\t\t\t\t\t<\/div>\n\t\t\t\t<\/div>\n\t\t\t\t\t<\/div>\n\t\t<\/div>\n\t\t\t\t<div class=\"elementor-column elementor-col-25 elementor-inner-column elementor-element elementor-element-3ff772e\" data-id=\"3ff772e\" data-element_type=\"column\" data-settings=\"{&quot;background_background&quot;:&quot;classic&quot;}\">\n\t\t\t<div class=\"elementor-widget-wrap\">\n\t\t\t\t\t\t\t<\/div>\n\t\t<\/div>\n\t\t\t\t\t<\/div>\n\t\t<\/section>\n\t\t\t\t\t<\/div>\n\t\t<\/div>\n\t\t\t\t\t<\/div>\n\t\t<\/section>\n\t\t\t\t<\/div>","protected":false},"excerpt":{"rendered":"<p>Logos und Bilder Ben\u00f6tigen Sie ein Logo oder Bild f\u00fcr Ihre Medienarbeit? Hier k\u00f6nnen Sie unsere Logos und verschiedene Bilder herunterladen. Logos Die Ver\u00f6ffentlichungs- und Vervielf\u00e4ltigungsrechte liegen beim Restaurant B\u00fctschelegg. Bei Verwendung des Bildes ist die Bildquelle \u201e\u00a9 Restaurant B\u00fctschelegg, alle Rechte vorbehalten\u201c anzugeben. Logo PNG&hellip;<\/p>","protected":false},"author":1,"featured_media":0,"parent":0,"menu_order":0,"comment_status":"closed","ping_status":"closed","template":"elementor_header_footer","meta":{"footnotes":""},"class_list":["post-4119","page","type-page","status-publish","hentry","last"],"yoast_head":"<!-- This site is optimized with the Yoast SEO plugin v25.3.1 - https:\/\/yoast.com\/wordpress\/plugins\/seo\/ -->\n<title>Downloads - Restaurant B\u00fctschelegg<\/title>\n<meta name=\"robots\" content=\"index, follow, max-snippet:-1, max-image-preview:large, max-video-preview:-1\" \/>\n<link rel=\"canonical\" href=\"http:\/\/xn--btschelegg-9db.ch\/en\/downloads\/\" \/>\n<meta property=\"og:locale\" content=\"en_US\" \/>\n<meta property=\"og:type\" content=\"article\" \/>\n<meta property=\"og:title\" content=\"Downloads - Restaurant B\u00fctschelegg\" \/>\n<meta property=\"og:description\" content=\"Logos und Bilder Ben\u00f6tigen Sie ein Logo oder Bild f\u00fcr Ihre Medienarbeit? Hier k\u00f6nnen Sie unsere Logos und verschiedene Bilder herunterladen. Logos Die Ver\u00f6ffentlichungs- und Vervielf\u00e4ltigungsrechte liegen beim Restaurant B\u00fctschelegg. Bei Verwendung des Bildes ist die Bildquelle \u201e\u00a9 Restaurant B\u00fctschelegg, alle Rechte vorbehalten\u201c anzugeben. Logo PNG&hellip;\" \/>\n<meta property=\"og:url\" content=\"http:\/\/xn--btschelegg-9db.ch\/en\/downloads\/\" \/>\n<meta property=\"og:site_name\" content=\"Restaurant B\u00fctschelegg\" \/>\n<meta property=\"article:modified_time\" content=\"2025-06-10T05:57:39+00:00\" \/>\n<meta property=\"og:image\" content=\"https:\/\/buch.webmasta.ch\/wp-content\/uploads\/2021\/04\/logo.svg\" \/>\n<meta name=\"twitter:card\" content=\"summary_large_image\" \/>\n<script type=\"application\/ld+json\" class=\"yoast-schema-graph\">{\"@context\":\"https:\/\/schema.org\",\"@graph\":[{\"@type\":\"WebPage\",\"@id\":\"https:\/\/xn--btschelegg-9db.ch\/downloads\/\",\"url\":\"https:\/\/xn--btschelegg-9db.ch\/downloads\/\",\"name\":\"Downloads - Restaurant B\u00fctschelegg\",\"isPartOf\":{\"@id\":\"https:\/\/xn--btschelegg-9db.ch\/#website\"},\"primaryImageOfPage\":{\"@id\":\"https:\/\/xn--btschelegg-9db.ch\/downloads\/#primaryimage\"},\"image\":{\"@id\":\"https:\/\/xn--btschelegg-9db.ch\/downloads\/#primaryimage\"},\"thumbnailUrl\":\"https:\/\/buch.webmasta.ch\/wp-content\/uploads\/2021\/04\/logo.svg\",\"datePublished\":\"2025-04-09T01:48:01+00:00\",\"dateModified\":\"2025-06-10T05:57:39+00:00\",\"breadcrumb\":{\"@id\":\"https:\/\/xn--btschelegg-9db.ch\/downloads\/#breadcrumb\"},\"inLanguage\":\"en-US\",\"potentialAction\":[{\"@type\":\"ReadAction\",\"target\":[\"https:\/\/xn--btschelegg-9db.ch\/downloads\/\"]}]},{\"@type\":\"ImageObject\",\"inLanguage\":\"en-US\",\"@id\":\"https:\/\/xn--btschelegg-9db.ch\/downloads\/#primaryimage\",\"url\":\"https:\/\/buch.webmasta.ch\/wp-content\/uploads\/2021\/04\/logo.svg\",\"contentUrl\":\"https:\/\/buch.webmasta.ch\/wp-content\/uploads\/2021\/04\/logo.svg\"},{\"@type\":\"BreadcrumbList\",\"@id\":\"https:\/\/xn--btschelegg-9db.ch\/downloads\/#breadcrumb\",\"itemListElement\":[{\"@type\":\"ListItem\",\"position\":1,\"name\":\"Home\",\"item\":\"https:\/\/xn--btschelegg-9db.ch\/\"},{\"@type\":\"ListItem\",\"position\":2,\"name\":\"Downloads\"}]},{\"@type\":\"WebSite\",\"@id\":\"https:\/\/xn--btschelegg-9db.ch\/#website\",\"url\":\"https:\/\/xn--btschelegg-9db.ch\/\",\"name\":\"Restaurant B\u00fctschelegg\",\"description\":\"\",\"potentialAction\":[{\"@type\":\"SearchAction\",\"target\":{\"@type\":\"EntryPoint\",\"urlTemplate\":\"https:\/\/xn--btschelegg-9db.ch\/?s={search_term_string}\"},\"query-input\":{\"@type\":\"PropertyValueSpecification\",\"valueRequired\":true,\"valueName\":\"search_term_string\"}}],\"inLanguage\":\"en-US\"}]}<\/script>\n<!-- \/ Yoast SEO plugin. -->","yoast_head_json":{"title":"Downloads - Restaurant B\u00fctschelegg","robots":{"index":"index","follow":"follow","max-snippet":"max-snippet:-1","max-image-preview":"max-image-preview:large","max-video-preview":"max-video-preview:-1"},"canonical":"http:\/\/xn--btschelegg-9db.ch\/en\/downloads\/","og_locale":"en_US","og_type":"article","og_title":"Downloads - Restaurant B\u00fctschelegg","og_description":"Logos und Bilder Ben\u00f6tigen Sie ein Logo oder Bild f\u00fcr Ihre Medienarbeit? Hier k\u00f6nnen Sie unsere Logos und verschiedene Bilder herunterladen. Logos Die Ver\u00f6ffentlichungs- und Vervielf\u00e4ltigungsrechte liegen beim Restaurant B\u00fctschelegg. Bei Verwendung des Bildes ist die Bildquelle \u201e\u00a9 Restaurant B\u00fctschelegg, alle Rechte vorbehalten\u201c anzugeben. Logo PNG&hellip;","og_url":"http:\/\/xn--btschelegg-9db.ch\/en\/downloads\/","og_site_name":"Restaurant B\u00fctschelegg","article_modified_time":"2025-06-10T05:57:39+00:00","og_image":[{"url":"https:\/\/buch.webmasta.ch\/wp-content\/uploads\/2021\/04\/logo.svg","type":"","width":"","height":""}],"twitter_card":"summary_large_image","schema":{"@context":"https:\/\/schema.org","@graph":[{"@type":"WebPage","@id":"https:\/\/xn--btschelegg-9db.ch\/downloads\/","url":"https:\/\/xn--btschelegg-9db.ch\/downloads\/","name":"Downloads - Restaurant B\u00fctschelegg","isPartOf":{"@id":"https:\/\/xn--btschelegg-9db.ch\/#website"},"primaryImageOfPage":{"@id":"https:\/\/xn--btschelegg-9db.ch\/downloads\/#primaryimage"},"image":{"@id":"https:\/\/xn--btschelegg-9db.ch\/downloads\/#primaryimage"},"thumbnailUrl":"https:\/\/buch.webmasta.ch\/wp-content\/uploads\/2021\/04\/logo.svg","datePublished":"2025-04-09T01:48:01+00:00","dateModified":"2025-06-10T05:57:39+00:00","breadcrumb":{"@id":"https:\/\/xn--btschelegg-9db.ch\/downloads\/#breadcrumb"},"inLanguage":"en-US","potentialAction":[{"@type":"ReadAction","target":["https:\/\/xn--btschelegg-9db.ch\/downloads\/"]}]},{"@type":"ImageObject","inLanguage":"en-US","@id":"https:\/\/xn--btschelegg-9db.ch\/downloads\/#primaryimage","url":"https:\/\/buch.webmasta.ch\/wp-content\/uploads\/2021\/04\/logo.svg","contentUrl":"https:\/\/buch.webmasta.ch\/wp-content\/uploads\/2021\/04\/logo.svg"},{"@type":"BreadcrumbList","@id":"https:\/\/xn--btschelegg-9db.ch\/downloads\/#breadcrumb","itemListElement":[{"@type":"ListItem","position":1,"name":"Home","item":"https:\/\/xn--btschelegg-9db.ch\/"},{"@type":"ListItem","position":2,"name":"Downloads"}]},{"@type":"WebSite","@id":"https:\/\/xn--btschelegg-9db.ch\/#website","url":"https:\/\/xn--btschelegg-9db.ch\/","name":"Restaurant B\u00fctschelegg","description":"","potentialAction":[{"@type":"SearchAction","target":{"@type":"EntryPoint","urlTemplate":"https:\/\/xn--btschelegg-9db.ch\/?s={search_term_string}"},"query-input":{"@type":"PropertyValueSpecification","valueRequired":true,"valueName":"search_term_string"}}],"inLanguage":"en-US"}]}},"jetpack_sharing_enabled":true,"_links":{"self":[{"href":"http:\/\/xn--btschelegg-9db.ch\/en\/wp-json\/wp\/v2\/pages\/4119","targetHints":{"allow":["GET"]}}],"collection":[{"href":"http:\/\/xn--btschelegg-9db.ch\/en\/wp-json\/wp\/v2\/pages"}],"about":[{"href":"http:\/\/xn--btschelegg-9db.ch\/en\/wp-json\/wp\/v2\/types\/page"}],"author":[{"embeddable":true,"href":"http:\/\/xn--btschelegg-9db.ch\/en\/wp-json\/wp\/v2\/users\/1"}],"replies":[{"embeddable":true,"href":"http:\/\/xn--btschelegg-9db.ch\/en\/wp-json\/wp\/v2\/comments?post=4119"}],"version-history":[{"count":0,"href":"http:\/\/xn--btschelegg-9db.ch\/en\/wp-json\/wp\/v2\/pages\/4119\/revisions"}],"wp:attachment":[{"href":"http:\/\/xn--btschelegg-9db.ch\/en\/wp-json\/wp\/v2\/media?parent=4119"}],"curies":[{"name":"wp","href":"https:\/\/api.w.org\/{rel}","templated":true}]}}